{"id":3,"date":"2024-09-08T13:07:45","date_gmt":"2024-09-08T11:07:45","guid":{"rendered":"http:\/\/sportrait.bth-photos.fr\/?page_id=3"},"modified":"2024-10-06T21:59:25","modified_gmt":"2024-10-06T19:59:25","slug":"politique-de-confidentialite","status":"publish","type":"page","link":"https:\/\/sportrait.bth-photos.fr\/index.php\/politique-de-confidentialite\/","title":{"rendered":"Mentions l\u00e9gales"},"content":{"rendered":"\n<h3 class=\"wp-block-heading\"><strong>\u00c9diteur du site :<\/strong><\/h3>\n\n\n\n<p>Nom de l\u2019entreprise : Photographie Sportrait<br>T\u00e9l\u00e9phone : 06 37 58 85 72<br>Num\u00e9ro SIRET : 91479478900018<br><\/p>\n\n\n\n<h3 class=\"wp-block-heading\"><strong>Propri\u00e9t\u00e9 intellectuelle :<\/strong><\/h3>\n\n\n\n<p>L\u2019ensemble des contenus pr\u00e9sents sur ce site (textes, images, photographies, vid\u00e9os, logos, etc.) est la propri\u00e9t\u00e9 exclusive de Marie-Laure Jolibois, sauf mention contraire. Toute reproduction, distribution, modification, adaptation, retransmission ou publication de ces diff\u00e9rents \u00e9l\u00e9ments est strictement interdite sans l\u2019accord expr\u00e8s par \u00e9crit de Photographie Sportrait.<\/p>\n\n\n\n<h2 class=\"wp-block-heading\"><strong>Cookies :<\/strong><\/h2>\n\n\n\n<p>Le site Photographie Sportrait peut-\u00eatre amen\u00e9 \u00e0 vous demander l\u2019acceptation des cookies pour des besoins d\u2019affichage. Un cookie est une information d\u00e9pos\u00e9e sur votre disque dur par le serveur du site que vous visitez. Il contient plusieurs donn\u00e9es qui sont stock\u00e9es sur votre ordinateur dans un simple fichier texte auquel un serveur acc\u00e8de pour lire et enregistrer des informations. Ces cookies expirent au bout d\u2019un an.<\/p>\n","protected":false},"excerpt":{"rendered":"<p>\u00c9diteur du site : Nom de l\u2019entreprise : Photographie SportraitT\u00e9l\u00e9phone : 06 37 58 85 72Num\u00e9ro SIRET : 91479478900018 Propri\u00e9t\u00e9 intellectuelle : L\u2019ensemble des contenus pr\u00e9sents sur ce site (textes, images, photographies, vid\u00e9os, logos, etc.) est la propri\u00e9t\u00e9 exclusive de Marie-Laure Jolibois, sauf mention contraire. Toute reproduction, distribution, modification, adaptation, retransmission ou publication de ces diff\u00e9rents \u00e9l\u00e9ments est strictement interdite sans l\u2019accord expr\u00e8s par \u00e9crit de Photographie Sportrait. Cookies : Le site Photographie Sportrait peut-\u00eatre amen\u00e9 \u00e0 vous demander l\u2019acceptation des cookies pour des besoins d\u2019affichage. Un cookie est une information d\u00e9pos\u00e9e sur votre disque dur par le serveur du site que vous visitez. Il contient plusieurs donn\u00e9es qui sont stock\u00e9es sur votre ordinateur dans un simple fichier texte auquel un serveur acc\u00e8de pour lire et enregistrer des informations. Ces cookies expirent au bout d\u2019un an.<\/p>\n","protected":false},"author":1,"featured_media":0,"parent":0,"menu_order":0,"comment_status":"closed","ping_status":"open","template":"","meta":{"footnotes":""},"class_list":["post-3","page","type-page","status-publish","hentry"],"_links":{"self":[{"href":"https:\/\/sportrait.bth-photos.fr\/index.php\/wp-json\/wp\/v2\/pages\/3","targetHints":{"allow":["GET"]}}],"collection":[{"href":"https:\/\/sportrait.bth-photos.fr\/index.php\/wp-json\/wp\/v2\/pages"}],"about":[{"href":"https:\/\/sportrait.bth-photos.fr\/index.php\/wp-json\/wp\/v2\/types\/page"}],"author":[{"embeddable":true,"href":"https:\/\/sportrait.bth-photos.fr\/index.php\/wp-json\/wp\/v2\/users\/1"}],"replies":[{"embeddable":true,"href":"https:\/\/sportrait.bth-photos.fr\/index.php\/wp-json\/wp\/v2\/comments?post=3"}],"version-history":[{"count":6,"href":"https:\/\/sportrait.bth-photos.fr\/index.php\/wp-json\/wp\/v2\/pages\/3\/revisions"}],"predecessor-version":[{"id":349,"href":"https:\/\/sportrait.bth-photos.fr\/index.php\/wp-json\/wp\/v2\/pages\/3\/revisions\/349"}],"wp:attachment":[{"href":"https:\/\/sportrait.bth-photos.fr\/index.php\/wp-json\/wp\/v2\/media?parent=3"}],"curies":[{"name":"wp","href":"https:\/\/api.w.org\/{rel}","templated":true}]}}